{"id":49,"date":"2020-04-13T11:18:52","date_gmt":"2020-04-13T11:18:52","guid":{"rendered":"https:\/\/www.mintasarim.com\/about-2\/"},"modified":"2026-03-06T10:22:26","modified_gmt":"2026-03-06T10:22:26","slug":"hakkimizda","status":"publish","type":"page","link":"https:\/\/www.mintasarim.com\/en\/hakkimizda\/","title":{"rendered":"About Us"},"content":{"rendered":"\t\t<div data-elementor-type=\"wp-page\" data-elementor-id=\"49\" class=\"elementor elementor-49\">\n\t\t\t\t\t\t<section class=\"elementor-section elementor-top-section elementor-element elementor-element-5131a13e elementor-section-boxed elementor-section-height-default elementor-section-height-default wpr-particle-no wpr-jarallax-no wpr-parallax-no wpr-sticky-section-no\" data-id=\"5131a13e\" data-element_type=\"section\" data-e-type=\"section\" data-settings=\"{&quot;background_background&quot;:&quot;classic&quot;}\">\n\t\t\t\t\t\t\t<div class=\"elementor-background-overlay\"><\/div>\n\t\t\t\t\t\t\t<div class=\"elementor-container elementor-column-gap-default\">\n\t\t\t\t\t<div class=\"elementor-column elementor-col-100 elementor-top-column elementor-element elementor-element-1053ca7a\" data-id=\"1053ca7a\" data-element_type=\"column\" data-e-type=\"column\">\n\t\t\t<div class=\"elementor-widget-wrap elementor-element-populated\">\n\t\t\t\t\t\t<div class=\"elementor-element elementor-element-3d99e122 elementor-widget elementor-widget-heading\" data-id=\"3d99e122\" data-element_type=\"widget\" data-e-type=\"widget\" data-widget_type=\"heading.default\">\n\t\t\t\t<div class=\"elementor-widget-container\">\n\t\t\t\t\t<h1 class=\"elementor-heading-title elementor-size-default\">Hakk\u0131m\u0131zda<\/h1>\t\t\t\t<\/div>\n\t\t\t\t<\/div>\n\t\t\t\t\t<\/div>\n\t\t<\/div>\n\t\t\t\t\t<\/div>\n\t\t<\/section>\n\t\t\t\t<section class=\"elementor-section elementor-top-section elementor-element elementor-element-40177ae0 elementor-section-boxed elementor-section-height-default elementor-section-height-default wpr-particle-no wpr-jarallax-no wpr-parallax-no wpr-sticky-section-no\" data-id=\"40177ae0\" data-element_type=\"section\" data-e-type=\"section\">\n\t\t\t\t\t\t<div class=\"elementor-container elementor-column-gap-no\">\n\t\t\t\t\t<div class=\"elementor-column elementor-col-50 elementor-top-column elementor-element elementor-element-2828f573\" data-id=\"2828f573\" data-element_type=\"column\" data-e-type=\"column\">\n\t\t\t<div class=\"elementor-widget-wrap elementor-element-populated\">\n\t\t\t\t\t\t<div class=\"elementor-element elementor-element-68afc23b elementor-widget elementor-widget-heading\" data-id=\"68afc23b\" data-element_type=\"widget\" data-e-type=\"widget\" data-widget_type=\"heading.default\">\n\t\t\t\t<div class=\"elementor-widget-container\">\n\t\t\t\t\t<h2 class=\"elementor-heading-title elementor-size-default\">1986dan g\u00fcn\u00fcm\u00fcze<\/h2>\t\t\t\t<\/div>\n\t\t\t\t<\/div>\n\t\t\t\t<div class=\"elementor-element elementor-element-b5887d9 elementor-widget elementor-widget-image\" data-id=\"b5887d9\" data-element_type=\"widget\" data-e-type=\"widget\" data-widget_type=\"image.default\">\n\t\t\t\t<div class=\"elementor-widget-container\">\n\t\t\t\t\t\t\t\t\t\t\t\t\t\t\t<img decoding=\"async\" data-src=\"https:\/\/www.mintasarim.com\/wp-content\/uploads\/2020\/11\/buro1-scaled.jpg\" title=\"b\u00fcro1\" alt=\"b\u00fcro1\" src=\"data:image\/svg+xml;base64,PHN2ZyB3aWR0aD0iMSIgaGVpZ2h0PSIxIiB4bWxucz0iaHR0cDovL3d3dy53My5vcmcvMjAwMC9zdmciPjwvc3ZnPg==\" class=\"lazyload\" style=\"--smush-placeholder-width: 1771px; --smush-placeholder-aspect-ratio: 1771\/2560;\" \/>\t\t\t\t\t\t\t\t\t\t\t\t\t\t\t<\/div>\n\t\t\t\t<\/div>\n\t\t\t\t\t<\/div>\n\t\t<\/div>\n\t\t\t\t<div class=\"elementor-column elementor-col-50 elementor-top-column elementor-element elementor-element-48096891\" data-id=\"48096891\" data-element_type=\"column\" data-e-type=\"column\">\n\t\t\t<div class=\"elementor-widget-wrap elementor-element-populated\">\n\t\t\t\t\t\t<div class=\"elementor-element elementor-element-44ce5982 elementor-widget elementor-widget-text-editor\" data-id=\"44ce5982\" data-element_type=\"widget\" data-e-type=\"widget\" data-widget_type=\"text-editor.default\">\n\t\t\t\t<div class=\"elementor-widget-container\">\n\t\t\t\t\t\t\t\t\t<p>Min Tasar\u0131m ; Varjan Yurtg\u00fcl\u00fc ve bir grup akademili arkada\u015f taraf\u0131ndan, seksenli y\u0131llar\u0131n ortas\u0131nda, mimari illustrasyon ve maket \u00e7al\u0131\u015fmalar\u0131na ba\u015flad\u0131. O y\u0131llarda yap\u0131lan perspektifler ; paralel kenarl\u0131 \u00e7izim masalar\u0131nda \u00e7izilip, guaj, suluboya, airbrush gibi kar\u0131\u015f\u0131k teknikler kullan\u0131larak boyan\u0131yordu. Sonralar\u0131 bilgisayarlar\u0131n ya\u015fam\u0131m\u0131za girmesiyle, bilgisayarda \u00e7izilip, f\u0131r\u00e7a ile renklendirilmeye devam edildi. Maket konusunda ise ; farkl\u0131 malzemeler ve de\u011fi\u015fik teknik aray\u0131\u015flar\u0131 denenerek yenilikler getiriliyordu. Zamanla konusunda uzmanla\u015farak ; olduk\u00e7a geni\u015f kadrosuyla binlerce i\u015fe imza att\u0131 ve b\u00fcnyesinde bir\u00e7ok ki\u015fi yeti\u015ftirdi.<\/p><p>G\u00fcn\u00fcm\u00fczde ise ; 40 y\u0131ll\u0131k deneyimi ile\u00a0 tamamen bilgisayar ortam\u0131nda perspektifler ve lazer kesimi, CNC ve 3D printerlar ile y\u00fcksek hassasiyetli maketler \u00fcretmeye devam etmektedir.<\/p><div>\u00a0<\/div>\t\t\t\t\t\t\t\t<\/div>\n\t\t\t\t<\/div>\n\t\t\t\t\t<\/div>\n\t\t<\/div>\n\t\t\t\t\t<\/div>\n\t\t<\/section>\n\t\t\t\t<section class=\"elementor-section elementor-top-section elementor-element elementor-element-7245748 elementor-section-boxed elementor-section-height-default elementor-section-height-default wpr-particle-no wpr-jarallax-no wpr-parallax-no wpr-sticky-section-no\" data-id=\"7245748\" data-element_type=\"section\" data-e-type=\"section\">\n\t\t\t\t\t\t<div class=\"elementor-container elementor-column-gap-default\">\n\t\t\t\t\t<div class=\"elementor-column elementor-col-100 elementor-top-column elementor-element elementor-element-e26514b\" data-id=\"e26514b\" data-element_type=\"column\" data-e-type=\"column\">\n\t\t\t<div class=\"elementor-widget-wrap elementor-element-populated\">\n\t\t\t\t\t\t<div class=\"elementor-element elementor-element-bae44a5 elementor-arrows-position-inside elementor-pagination-position-outside elementor-widget elementor-widget-image-carousel\" data-id=\"bae44a5\" data-element_type=\"widget\" data-e-type=\"widget\" data-settings=\"{&quot;slides_to_show&quot;:&quot;4&quot;,&quot;navigation&quot;:&quot;both&quot;,&quot;autoplay&quot;:&quot;yes&quot;,&quot;pause_on_hover&quot;:&quot;yes&quot;,&quot;pause_on_interaction&quot;:&quot;yes&quot;,&quot;autoplay_speed&quot;:5000,&quot;infinite&quot;:&quot;yes&quot;,&quot;speed&quot;:500}\" data-widget_type=\"image-carousel.default\">\n\t\t\t\t<div class=\"elementor-widget-container\">\n\t\t\t\t\t\t\t<div class=\"elementor-image-carousel-wrapper swiper\" role=\"region\" aria-roledescription=\"carousel\" aria-label=\"Image Carousel\" dir=\"ltr\">\n\t\t\t<div class=\"elementor-image-carousel swiper-wrapper\" aria-live=\"off\">\n\t\t\t\t\t\t\t\t<div class=\"swiper-slide\" role=\"group\" aria-roledescription=\"slide\" aria-label=\"1 \/ 9\"><a data-elementor-open-lightbox=\"yes\" data-elementor-lightbox-slideshow=\"bae44a5\" data-elementor-lightbox-title=\"B\u00fcro Maket1\" data-e-action-hash=\"#elementor-action%3Aaction%3Dlightbox%26settings%3DeyJpZCI6NjgzLCJ1cmwiOiJodHRwczpcL1wvd3d3Lm1pbnRhc2FyaW0uY29tXC93cC1jb250ZW50XC91cGxvYWRzXC8yMDIwXC8xMVwvYnVyby1tYWtldDEtc2NhbGVkLmpwZyIsInNsaWRlc2hvdyI6ImJhZTQ0YTUifQ%3D%3D\" href=\"https:\/\/www.mintasarim.com\/wp-content\/uploads\/2020\/11\/buro-maket1-scaled.jpg\"><figure class=\"swiper-slide-inner\"><img decoding=\"async\" class=\"swiper-slide-image lazyload\" data-src=\"https:\/\/www.mintasarim.com\/wp-content\/uploads\/elementor\/thumbs\/buro-maket1-scaled-psa0ekjw6jiqomqhltloivah4sm574a01opqgnwi1c.jpg\" alt=\"B\u00fcro Maket1\" src=\"data:image\/svg+xml;base64,PHN2ZyB3aWR0aD0iMSIgaGVpZ2h0PSIxIiB4bWxucz0iaHR0cDovL3d3dy53My5vcmcvMjAwMC9zdmciPjwvc3ZnPg==\" style=\"--smush-placeholder-width: 250px; --smush-placeholder-aspect-ratio: 250\/200;\" \/><\/figure><\/a><\/div><div class=\"swiper-slide\" role=\"group\" aria-roledescription=\"slide\" aria-label=\"2 \/ 9\"><a data-elementor-open-lightbox=\"yes\" data-elementor-lightbox-slideshow=\"bae44a5\" data-elementor-lightbox-title=\"B\u00fcro 4\" data-e-action-hash=\"#elementor-action%3Aaction%3Dlightbox%26settings%3DeyJpZCI6Njg3LCJ1cmwiOiJodHRwczpcL1wvd3d3Lm1pbnRhc2FyaW0uY29tXC93cC1jb250ZW50XC91cGxvYWRzXC8yMDIwXC8xMVwvYnVybzQtc2NhbGVkLmpwZyIsInNsaWRlc2hvdyI6ImJhZTQ0YTUifQ%3D%3D\" href=\"https:\/\/www.mintasarim.com\/wp-content\/uploads\/2020\/11\/buro4-scaled.jpg\"><figure class=\"swiper-slide-inner\"><img decoding=\"async\" class=\"swiper-slide-image lazyload\" data-src=\"https:\/\/www.mintasarim.com\/wp-content\/uploads\/elementor\/thumbs\/buro4-scaled-psa0fydc8rexryq4ix4wp0pwm7slj2rrwjagwbumvk.jpg\" alt=\"B\u00fcro 4\" src=\"data:image\/svg+xml;base64,PHN2ZyB3aWR0aD0iMSIgaGVpZ2h0PSIxIiB4bWxucz0iaHR0cDovL3d3dy53My5vcmcvMjAwMC9zdmciPjwvc3ZnPg==\" style=\"--smush-placeholder-width: 250px; --smush-placeholder-aspect-ratio: 250\/200;\" \/><\/figure><\/a><\/div><div class=\"swiper-slide\" role=\"group\" aria-roledescription=\"slide\" aria-label=\"3 \/ 9\"><a data-elementor-open-lightbox=\"yes\" data-elementor-lightbox-slideshow=\"bae44a5\" data-elementor-lightbox-title=\"b\u00fcro 1998\" data-e-action-hash=\"#elementor-action%3Aaction%3Dlightbox%26settings%3DeyJpZCI6NjgyLCJ1cmwiOiJodHRwczpcL1wvd3d3Lm1pbnRhc2FyaW0uY29tXC93cC1jb250ZW50XC91cGxvYWRzXC8yMDIwXC8xMVwvYnVyby0xOTk4LXNjYWxlZC5qcGciLCJzbGlkZXNob3ciOiJiYWU0NGE1In0%3D\" href=\"https:\/\/www.mintasarim.com\/wp-content\/uploads\/2020\/11\/buro-1998-scaled.jpg\"><figure class=\"swiper-slide-inner\"><img decoding=\"async\" class=\"swiper-slide-image lazyload\" data-src=\"https:\/\/www.mintasarim.com\/wp-content\/uploads\/elementor\/thumbs\/buro-1998-scaled-psa0e6gbc0zfuhayw5i9zguk80jmznq0zqxg9ihemo.jpg\" alt=\"b\u00fcro 1998\" src=\"data:image\/svg+xml;base64,PHN2ZyB3aWR0aD0iMSIgaGVpZ2h0PSIxIiB4bWxucz0iaHR0cDovL3d3dy53My5vcmcvMjAwMC9zdmciPjwvc3ZnPg==\" style=\"--smush-placeholder-width: 250px; --smush-placeholder-aspect-ratio: 250\/200;\" \/><\/figure><\/a><\/div><div class=\"swiper-slide\" role=\"group\" aria-roledescription=\"slide\" aria-label=\"4 \/ 9\"><a data-elementor-open-lightbox=\"yes\" data-elementor-lightbox-slideshow=\"bae44a5\" data-elementor-lightbox-title=\"Patron Pozu\" data-e-action-hash=\"#elementor-action%3Aaction%3Dlightbox%26settings%3DeyJpZCI6NjkxLCJ1cmwiOiJodHRwczpcL1wvd3d3Lm1pbnRhc2FyaW0uY29tXC93cC1jb250ZW50XC91cGxvYWRzXC8yMDIwXC8xMVwvcGF0cm9uLXBvenUuanBnIiwic2xpZGVzaG93IjoiYmFlNDRhNSJ9\" href=\"https:\/\/www.mintasarim.com\/wp-content\/uploads\/2020\/11\/patron-pozu.jpg\"><figure class=\"swiper-slide-inner\"><img decoding=\"async\" class=\"swiper-slide-image lazyload\" data-src=\"https:\/\/www.mintasarim.com\/wp-content\/uploads\/elementor\/thumbs\/patron-pozu-oybn78gq1ko8cpgfwdqf43x75geprkpk9eywk0zp74.jpg\" alt=\"Patron Pozu\" src=\"data:image\/svg+xml;base64,PHN2ZyB3aWR0aD0iMSIgaGVpZ2h0PSIxIiB4bWxucz0iaHR0cDovL3d3dy53My5vcmcvMjAwMC9zdmciPjwvc3ZnPg==\" style=\"--smush-placeholder-width: 250px; --smush-placeholder-aspect-ratio: 250\/200;\" \/><\/figure><\/a><\/div><div class=\"swiper-slide\" role=\"group\" aria-roledescription=\"slide\" aria-label=\"5 \/ 9\"><a data-elementor-open-lightbox=\"yes\" data-elementor-lightbox-slideshow=\"bae44a5\" data-elementor-lightbox-title=\"B\u00fcro 3\" data-e-action-hash=\"#elementor-action%3Aaction%3Dlightbox%26settings%3DeyJpZCI6Njg2LCJ1cmwiOiJodHRwczpcL1wvd3d3Lm1pbnRhc2FyaW0uY29tXC93cC1jb250ZW50XC91cGxvYWRzXC8yMDIwXC8xMVwvYnVybzMuanBnIiwic2xpZGVzaG93IjoiYmFlNDRhNSJ9\" href=\"https:\/\/www.mintasarim.com\/wp-content\/uploads\/2020\/11\/buro3.jpg\"><figure class=\"swiper-slide-inner\"><img decoding=\"async\" class=\"swiper-slide-image lazyload\" data-src=\"https:\/\/www.mintasarim.com\/wp-content\/uploads\/elementor\/thumbs\/buro3-oybmx1vo06qeks8xcz9x3offh6lkdma8v0jje438ls.jpg\" alt=\"B\u00fcro 3\" src=\"data:image\/svg+xml;base64,PHN2ZyB3aWR0aD0iMSIgaGVpZ2h0PSIxIiB4bWxucz0iaHR0cDovL3d3dy53My5vcmcvMjAwMC9zdmciPjwvc3ZnPg==\" style=\"--smush-placeholder-width: 250px; --smush-placeholder-aspect-ratio: 250\/200;\" \/><\/figure><\/a><\/div><div class=\"swiper-slide\" role=\"group\" aria-roledescription=\"slide\" aria-label=\"6 \/ 9\"><a data-elementor-open-lightbox=\"yes\" data-elementor-lightbox-slideshow=\"bae44a5\" data-elementor-lightbox-title=\"B\u00fcro 2\" data-e-action-hash=\"#elementor-action%3Aaction%3Dlightbox%26settings%3DeyJpZCI6Njg1LCJ1cmwiOiJodHRwczpcL1wvd3d3Lm1pbnRhc2FyaW0uY29tXC93cC1jb250ZW50XC91cGxvYWRzXC8yMDIwXC8xMVwvYnVybzItc2NhbGVkLmpwZyIsInNsaWRlc2hvdyI6ImJhZTQ0YTUifQ%3D%3D\" href=\"https:\/\/www.mintasarim.com\/wp-content\/uploads\/2020\/11\/buro2-scaled.jpg\"><figure class=\"swiper-slide-inner\"><img decoding=\"async\" class=\"swiper-slide-image lazyload\" data-src=\"https:\/\/www.mintasarim.com\/wp-content\/uploads\/elementor\/thumbs\/buro2-scaled-psa0f9xjb2hhe3pmhmklw6vx6751yy2r56buf4uvdc.jpg\" alt=\"B\u00fcro 2\" src=\"data:image\/svg+xml;base64,PHN2ZyB3aWR0aD0iMSIgaGVpZ2h0PSIxIiB4bWxucz0iaHR0cDovL3d3dy53My5vcmcvMjAwMC9zdmciPjwvc3ZnPg==\" style=\"--smush-placeholder-width: 250px; --smush-placeholder-aspect-ratio: 250\/200;\" \/><\/figure><\/a><\/div><div class=\"swiper-slide\" role=\"group\" aria-roledescription=\"slide\" aria-label=\"7 \/ 9\"><a data-elementor-open-lightbox=\"yes\" data-elementor-lightbox-slideshow=\"bae44a5\" data-elementor-lightbox-title=\"Patron Pozu\" data-e-action-hash=\"#elementor-action%3Aaction%3Dlightbox%26settings%3DeyJpZCI6NjkyLCJ1cmwiOiJodHRwczpcL1wvd3d3Lm1pbnRhc2FyaW0uY29tXC93cC1jb250ZW50XC91cGxvYWRzXC8yMDIwXC8xMVwvcGF0cm9uLXRlbC5qcGciLCJzbGlkZXNob3ciOiJiYWU0NGE1In0%3D\" href=\"https:\/\/www.mintasarim.com\/wp-content\/uploads\/2020\/11\/patron-tel.jpg\"><figure class=\"swiper-slide-inner\"><img decoding=\"async\" class=\"swiper-slide-image lazyload\" data-src=\"https:\/\/www.mintasarim.com\/wp-content\/uploads\/elementor\/thumbs\/patron-tel-oybn7fzfk8yixl5iogzfo20vwjdnh5jeyg6se8ojtc.jpg\" alt=\"Patron Pozu\" src=\"data:image\/svg+xml;base64,PHN2ZyB3aWR0aD0iMSIgaGVpZ2h0PSIxIiB4bWxucz0iaHR0cDovL3d3dy53My5vcmcvMjAwMC9zdmciPjwvc3ZnPg==\" style=\"--smush-placeholder-width: 250px; --smush-placeholder-aspect-ratio: 250\/200;\" \/><\/figure><\/a><\/div><div class=\"swiper-slide\" role=\"group\" aria-roledescription=\"slide\" aria-label=\"8 \/ 9\"><a data-elementor-open-lightbox=\"yes\" data-elementor-lightbox-slideshow=\"bae44a5\" data-elementor-lightbox-title=\"B\u00fcro Ayd\u0131n\" data-e-action-hash=\"#elementor-action%3Aaction%3Dlightbox%26settings%3DeyJpZCI6MzA5LCJ1cmwiOiJodHRwczpcL1wvd3d3Lm1pbnRhc2FyaW0uY29tXC93cC1jb250ZW50XC91cGxvYWRzXC8yMDIwXC8wOFwvamFqYS1zY2FsZWQuanBnIiwic2xpZGVzaG93IjoiYmFlNDRhNSJ9\" href=\"https:\/\/www.mintasarim.com\/wp-content\/uploads\/2020\/08\/jaja-scaled.jpg\"><figure class=\"swiper-slide-inner\"><img decoding=\"async\" class=\"swiper-slide-image lazyload\" data-src=\"https:\/\/www.mintasarim.com\/wp-content\/uploads\/elementor\/thumbs\/jaja-scaled-ps9zmec1caycpdnp4578ah8461h3hpfmi8stn3oaj4.jpg\" alt=\"B\u00fcro Ayd\u0131n\" src=\"data:image\/svg+xml;base64,PHN2ZyB3aWR0aD0iMSIgaGVpZ2h0PSIxIiB4bWxucz0iaHR0cDovL3d3dy53My5vcmcvMjAwMC9zdmciPjwvc3ZnPg==\" style=\"--smush-placeholder-width: 250px; --smush-placeholder-aspect-ratio: 250\/200;\" \/><\/figure><\/a><\/div><div class=\"swiper-slide\" role=\"group\" aria-roledescription=\"slide\" aria-label=\"9 \/ 9\"><a data-elementor-open-lightbox=\"yes\" data-elementor-lightbox-slideshow=\"bae44a5\" data-elementor-lightbox-title=\"B\u00fcro Maket2\" data-e-action-hash=\"#elementor-action%3Aaction%3Dlightbox%26settings%3DeyJpZCI6MTc4MCwidXJsIjoiaHR0cHM6XC9cL3d3dy5taW50YXNhcmltLmNvbVwvd3AtY29udGVudFwvdXBsb2Fkc1wvMjAyNlwvMDNcL2J1cm8uanBlZyIsInNsaWRlc2hvdyI6ImJhZTQ0YTUifQ%3D%3D\" href=\"https:\/\/www.mintasarim.com\/wp-content\/uploads\/2026\/03\/buro.jpeg\"><figure class=\"swiper-slide-inner\"><img decoding=\"async\" class=\"swiper-slide-image lazyload\" data-src=\"https:\/\/www.mintasarim.com\/wp-content\/uploads\/elementor\/thumbs\/buro-rk3rkbbr0c2zuxqg1jpar9jh933w3p52vg3y3n3gpc.jpeg\" alt=\"B\u00fcro Maket2\" src=\"data:image\/svg+xml;base64,PHN2ZyB3aWR0aD0iMSIgaGVpZ2h0PSIxIiB4bWxucz0iaHR0cDovL3d3dy53My5vcmcvMjAwMC9zdmciPjwvc3ZnPg==\" style=\"--smush-placeholder-width: 250px; --smush-placeholder-aspect-ratio: 250\/200;\" \/><\/figure><\/a><\/div>\t\t\t<\/div>\n\t\t\t\t\t\t\t\t\t\t\t\t<div class=\"elementor-swiper-button elementor-swiper-button-prev\" role=\"button\" tabindex=\"0\">\n\t\t\t\t\t\t<i aria-hidden=\"true\" class=\"eicon-chevron-left\"><\/i>\t\t\t\t\t<\/div>\n\t\t\t\t\t<div class=\"elementor-swiper-button elementor-swiper-button-next\" role=\"button\" tabindex=\"0\">\n\t\t\t\t\t\t<i aria-hidden=\"true\" class=\"eicon-chevron-right\"><\/i>\t\t\t\t\t<\/div>\n\t\t\t\t\n\t\t\t\t\t\t\t\t\t<div class=\"swiper-pagination\"><\/div>\n\t\t\t\t\t\t\t\t\t<\/div>\n\t\t\t\t\t\t<\/div>\n\t\t\t\t<\/div>\n\t\t\t\t\t<\/div>\n\t\t<\/div>\n\t\t\t\t\t<\/div>\n\t\t<\/section>\n\t\t\t\t<section class=\"elementor-section elementor-top-section elementor-element elementor-element-73e8740 elementor-section-boxed elementor-section-height-default elementor-section-height-default wpr-particle-no wpr-jarallax-no wpr-parallax-no wpr-sticky-section-no\" data-id=\"73e8740\" data-element_type=\"section\" data-e-type=\"section\">\n\t\t\t\t\t\t<div class=\"elementor-container elementor-column-gap-default\">\n\t\t\t\t\t<div class=\"elementor-column elementor-col-100 elementor-top-column elementor-element elementor-element-814d786\" data-id=\"814d786\" data-element_type=\"column\" data-e-type=\"column\">\n\t\t\t<div class=\"elementor-widget-wrap\">\n\t\t\t\t\t\t\t<\/div>\n\t\t<\/div>\n\t\t\t\t\t<\/div>\n\t\t<\/section>\n\t\t\t\t<section class=\"elementor-section elementor-top-section elementor-element elementor-element-c6d4f8a elementor-section-boxed elementor-section-height-default elementor-section-height-default wpr-particle-no wpr-jarallax-no wpr-parallax-no wpr-sticky-section-no\" data-id=\"c6d4f8a\" data-element_type=\"section\" data-e-type=\"section\">\n\t\t\t\t\t\t<div class=\"elementor-container elementor-column-gap-default\">\n\t\t\t\t\t<div class=\"elementor-column elementor-col-100 elementor-top-column elementor-element elementor-element-509d923\" data-id=\"509d923\" data-element_type=\"column\" data-e-type=\"column\">\n\t\t\t<div class=\"elementor-widget-wrap elementor-element-populated\">\n\t\t\t\t\t\t<div class=\"elementor-element elementor-element-7083ac9 pa-carousel-template pa-carousel-horizontal pa-arrows-default elementor-widget elementor-widget-premium-carousel-widget\" data-id=\"7083ac9\" data-element_type=\"widget\" data-e-type=\"widget\" data-widget_type=\"premium-carousel-widget.default\">\n\t\t\t\t<div class=\"elementor-widget-container\">\n\t\t\t\t\t\t\t<div id=\"premium-carousel-wrapper-7083ac9\" class=\"premium-carousel-wrapper premium-carousel-hidden carousel-wrapper-7083ac9  premium-carousel-dots-below\" data-settings=\"{&quot;vertical&quot;:false,&quot;appearance&quot;:&quot;all&quot;,&quot;slidesToShow&quot;:3,&quot;infinite&quot;:true,&quot;speed&quot;:300,&quot;fade&quot;:false,&quot;autoplay&quot;:true,&quot;autoplaySpeed&quot;:5000,&quot;draggable&quot;:true,&quot;touchMove&quot;:true,&quot;adaptiveHeight&quot;:false,&quot;variableWidth&quot;:false,&quot;cssEase&quot;:&quot;ease&quot;,&quot;pauseOnHover&quot;:false,&quot;centerMode&quot;:false,&quot;arrows&quot;:true,&quot;dots&quot;:true,&quot;slidesDesk&quot;:3,&quot;slidesTab&quot;:3,&quot;slidesMob&quot;:1,&quot;animation&quot;:&quot;null&quot;,&quot;tabletBreak&quot;:1025,&quot;mobileBreak&quot;:768,&quot;navigation&quot;:[&quot;&quot;,&quot;&quot;],&quot;carouselNavigation&quot;:true,&quot;templatesNumber&quot;:2,&quot;hasNavSlider&quot;:false,&quot;mouseTilt&quot;:false,&quot;mouseTiltRev&quot;:false}\">\r\n\t\t\t<!-- Dots -->\r\n\t\t\t\t\t\t\t<div class=\"premium-carousel-nav-dot\">\r\n\t\t\t\t\t\t\t\t\t\t\t\t<i class=\"fas fa-circle\" aria-hidden=\"true\"><\/i>\r\n\t\t\t\t\t\t\t\t\t\t<\/div>\r\n\t\t\t\r\n\t\t\t\t\t\t\t<div class=\"premium-carousel-nav-arrow-prev\">\r\n\t\t\t\t\t<a type=\"button\" data-role=\"none\" class=\"carousel-arrow carousel-prev\" aria-label=\"Previous\" role=\"button\">\r\n\t\t\t\t\t\t\t\t\t\t\t\t\t<i class=\"fas fa-angle-left\" aria-hidden=\"true\"><\/i>\r\n\t\t\t\t\t\t\t\t\t\t\t\t<\/a>\r\n\t\t\t\t\t<\/div>\r\n\t\t\t\t\t<div class=\"premium-carousel-nav-arrow-next\">\r\n\t\t\t\t\t\t<a type=\"button\" data-role=\"none\" class=\"carousel-arrow carousel-next\" aria-label=\"Next\" role=\"button\">\r\n\t\t\t\t\t\t\t\t\t\t\t\t\t\t\t<i class=\"fas fa-angle-right\" aria-hidden=\"true\"><\/i>\r\n\t\t\t\t\t\t\t\t\t\t\t\t\t\t<\/a>\r\n\t\t\t\t\t<\/div>\r\n\t\t\t\r\n\t\t\t<!-- Main Slides -->\r\n\t\t\t<div id=\"premium-carousel-7083ac9\" class=\"premium-carousel-inner\">\r\n\t\t\t\t\t\t\t<\/div>\r\n\r\n\t\t\t\r\n\t\t\t\r\n\t\t\t\t\t<\/div>\r\n\t\t\t\t\t\t<\/div>\n\t\t\t\t<\/div>\n\t\t\t\t\t<\/div>\n\t\t<\/div>\n\t\t\t\t\t<\/div>\n\t\t<\/section>\n\t\t\t\t<\/div>\n\t\t","protected":false},"excerpt":{"rendered":"<p>Hakk\u0131m\u0131zda 1986dan g\u00fcn\u00fcm\u00fcze Min Tasar\u0131m ; Varjan Yurtg\u00fcl\u00fc ve bir grup akademili arkada\u015f taraf\u0131ndan, seksenli y\u0131llar\u0131n ortas\u0131nda, mimari illustrasyon ve maket \u00e7al\u0131\u015fmalar\u0131na ba\u015flad\u0131. O y\u0131llarda yap\u0131lan perspektifler ; paralel kenarl\u0131 \u00e7izim masalar\u0131nda \u00e7izilip, guaj, suluboya, airbrush gibi kar\u0131\u015f\u0131k teknikler kullan\u0131larak boyan\u0131yordu. Sonralar\u0131 bilgisayarlar\u0131n ya\u015fam\u0131m\u0131za girmesiyle, bilgisayarda \u00e7izilip, f\u0131r\u00e7a ile renklendirilmeye devam edildi. Maket konusunda ise ; farkl\u0131 malzemeler ve de\u011fi\u015fik teknik aray\u0131\u015flar\u0131 denenerek yenilikler getiriliyordu. Zamanla konusunda uzmanla\u015farak ; olduk\u00e7a geni\u015f kadrosuyla binlerce i\u015fe imza att\u0131 ve b\u00fcnyesinde bir\u00e7ok ki\u015fi yeti\u015ftirdi. G\u00fcn\u00fcm\u00fczde ise ; 40 y\u0131ll\u0131k deneyimi ile\u00a0 tamamen bilgisayar ortam\u0131nda perspektifler ve lazer kesimi, CNC ve 3D printerlar ile y\u00fcksek hassasiyetli maketler \u00fcretmeye devam etmektedir. \u00a0<\/p>","protected":false},"author":1,"featured_media":0,"parent":0,"menu_order":0,"comment_status":"closed","ping_status":"closed","template":"","meta":{"site-sidebar-layout":"no-sidebar","site-content-layout":"page-builder","ast-site-content-layout":"","site-content-style":"default","site-sidebar-style":"default","ast-global-header-display":"","ast-banner-title-visibility":"","ast-main-header-display":"","ast-hfb-above-header-display":"","ast-hfb-below-header-display":"","ast-hfb-mobile-header-display":"","site-post-title":"disabled","ast-breadcrumbs-content":"","ast-featured-img":"","footer-sml-layout":"","theme-transparent-header-meta":"enabled","adv-header-id-meta":"","stick-header-meta":"","header-above-stick-meta":"","header-main-stick-meta":"","header-below-stick-meta":"","astra-migrate-meta-layouts":"default","ast-page-background-enabled":"default","ast-page-background-meta":{"desktop":{"background-color":"","background-image":"","background-repeat":"repeat","background-position":"center center","background-size":"auto","background-attachment":"scroll","background-type":"","background-media":"","overlay-type":"","overlay-color":"","overlay-opacity":"","overlay-gradient":""},"tablet":{"background-color":"","background-image":"","background-repeat":"repeat","background-position":"center center","background-size":"auto","background-attachment":"scroll","background-type":"","background-media":"","overlay-type":"","overlay-color":"","overlay-opacity":"","overlay-gradient":""},"mobile":{"background-color":"","background-image":"","background-repeat":"repeat","background-position":"center center","background-size":"auto","background-attachment":"scroll","background-type":"","background-media":"","overlay-type":"","overlay-color":"","overlay-opacity":"","overlay-gradient":""}},"ast-content-background-meta":{"desktop":{"background-color":"var(--ast-global-color-5)","background-image":"","background-repeat":"repeat","background-position":"center center","background-size":"auto","background-attachment":"scroll","background-type":"","background-media":"","overlay-type":"","overlay-color":"","overlay-opacity":"","overlay-gradient":""},"tablet":{"background-color":"var(--ast-global-color-5)","background-image":"","background-repeat":"repeat","background-position":"center center","background-size":"auto","background-attachment":"scroll","background-type":"","background-media":"","overlay-type":"","overlay-color":"","overlay-opacity":"","overlay-gradient":""},"mobile":{"background-color":"var(--ast-global-color-5)","background-image":"","background-repeat":"repeat","background-position":"center center","background-size":"auto","background-attachment":"scroll","background-type":"","background-media":"","overlay-type":"","overlay-color":"","overlay-opacity":"","overlay-gradient":""}},"footnotes":""},"class_list":["post-49","page","type-page","status-publish","hentry"],"_links":{"self":[{"href":"https:\/\/www.mintasarim.com\/en\/wp-json\/wp\/v2\/pages\/49","targetHints":{"allow":["GET"]}}],"collection":[{"href":"https:\/\/www.mintasarim.com\/en\/wp-json\/wp\/v2\/pages"}],"about":[{"href":"https:\/\/www.mintasarim.com\/en\/wp-json\/wp\/v2\/types\/page"}],"author":[{"embeddable":true,"href":"https:\/\/www.mintasarim.com\/en\/wp-json\/wp\/v2\/users\/1"}],"replies":[{"embeddable":true,"href":"https:\/\/www.mintasarim.com\/en\/wp-json\/wp\/v2\/comments?post=49"}],"version-history":[{"count":70,"href":"https:\/\/www.mintasarim.com\/en\/wp-json\/wp\/v2\/pages\/49\/revisions"}],"predecessor-version":[{"id":1787,"href":"https:\/\/www.mintasarim.com\/en\/wp-json\/wp\/v2\/pages\/49\/revisions\/1787"}],"wp:attachment":[{"href":"https:\/\/www.mintasarim.com\/en\/wp-json\/wp\/v2\/media?parent=49"}],"curies":[{"name":"wp","href":"https:\/\/api.w.org\/{rel}","templated":true}]}}